{"id":380,"date":"2025-05-19T18:22:00","date_gmt":"2025-05-19T18:22:00","guid":{"rendered":"https:\/\/noble-horizon.com\/?page_id=380"},"modified":"2025-05-19T18:33:56","modified_gmt":"2025-05-19T18:33:56","slug":"right-of-withdrawal","status":"publish","type":"page","link":"https:\/\/noble-horizon.com\/de\/right-of-withdrawal\/","title":{"rendered":"Widerrufsrecht"},"content":{"rendered":"<div class=\"wp-block-group is-content-justification-center is-layout-flex wp-container-core-group-is-layout-ce3ed5d6 wp-block-group-is-layout-flex\" style=\"margin-top:0;margin-bottom:0;padding-top:0;padding-right:0;padding-bottom:0;padding-left:0\">\n<figure class=\"wp-block-image size-full is-resized nh-icon\"><a href=\"https:\/\/noble-horizon.com\/de\/\"><img loading=\"lazy\" decoding=\"async\" width=\"96\" height=\"96\" src=\"https:\/\/noble-horizon.com\/wp-content\/uploads\/2025\/05\/icon_home_transp_gold_96x96_formatfuellend.png\" alt=\"Noble Horizon official homepage icon\" class=\"wp-image-351\" style=\"width:28px\" title=\"Startseite\" srcset=\"https:\/\/noble-horizon.com\/wp-content\/uploads\/2025\/05\/icon_home_transp_gold_96x96_formatfuellend.png 96w, https:\/\/noble-horizon.com\/wp-content\/uploads\/2025\/05\/icon_home_transp_gold_96x96_formatfuellend-12x12.png 12w\" sizes=\"auto, (max-width: 96px) 100vw, 96px\" \/><\/a><\/figure>\n\n\n\n<figure class=\"wp-block-image aligncenter size-full is-resized nh-icon\"><a href=\"https:\/\/noble-horizon.com\/de\/?page_id=219\"><img loading=\"lazy\" decoding=\"async\" width=\"96\" height=\"96\" src=\"https:\/\/noble-horizon.com\/wp-content\/uploads\/2025\/05\/icon_Gem_transp_gold_96x96_formatfuellend.png\" alt=\"Icon representing gemstone sourcing and expertise\" class=\"wp-image-173\" style=\"width:30px\" srcset=\"https:\/\/noble-horizon.com\/wp-content\/uploads\/2025\/05\/icon_Gem_transp_gold_96x96_formatfuellend.png 96w, https:\/\/noble-horizon.com\/wp-content\/uploads\/2025\/05\/icon_Gem_transp_gold_96x96_formatfuellend-12x12.png 12w\" sizes=\"auto, (max-width: 96px) 100vw, 96px\" \/><\/a><\/figure>\n\n\n\n<figure class=\"wp-block-image size-full is-resized has-custom-border nh-icon\" style=\"margin-top:0px;margin-right:0px;margin-bottom:0px;margin-left:0px\"><a href=\"https:\/\/noble-horizon.com\/de\/?page_id=824\"><img loading=\"lazy\" decoding=\"async\" width=\"96\" height=\"96\" src=\"https:\/\/noble-horizon.com\/wp-content\/uploads\/2025\/05\/icon_tea_transp_gold_96x96_formatfuellend.png\" alt=\"Icon for premium artisanal tea from Sri Lanka\" class=\"wp-image-171\" style=\"border-style:none;border-width:0px;width:30px\" srcset=\"https:\/\/noble-horizon.com\/wp-content\/uploads\/2025\/05\/icon_tea_transp_gold_96x96_formatfuellend.png 96w, https:\/\/noble-horizon.com\/wp-content\/uploads\/2025\/05\/icon_tea_transp_gold_96x96_formatfuellend-12x12.png 12w\" sizes=\"auto, (max-width: 96px) 100vw, 96px\" \/><\/a><\/figure>\n\n\n\n<figure class=\"wp-block-image size-full is-resized has-custom-border nh-icon\" style=\"margin-right:0;margin-left:0\"><img loading=\"lazy\" decoding=\"async\" width=\"96\" height=\"96\" src=\"https:\/\/noble-horizon.com\/wp-content\/uploads\/2025\/05\/icon_consulting_transp_gold_96x96_formatfuellend.png\" alt=\"Icon for ethical business partnerships\" class=\"wp-image-172\" style=\"border-style:none;border-width:0px;width:30px\" srcset=\"https:\/\/noble-horizon.com\/wp-content\/uploads\/2025\/05\/icon_consulting_transp_gold_96x96_formatfuellend.png 96w, https:\/\/noble-horizon.com\/wp-content\/uploads\/2025\/05\/icon_consulting_transp_gold_96x96_formatfuellend-12x12.png 12w\" sizes=\"auto, (max-width: 96px) 100vw, 96px\" \/><\/figure>\n\n\n\n<figure class=\"wp-block-image size-full is-resized nh-icon\"><img loading=\"lazy\" decoding=\"async\" width=\"96\" height=\"96\" src=\"https:\/\/noble-horizon.com\/wp-content\/uploads\/2025\/05\/icon_partner_transp_gold_96x96_formatfuellend.png\" alt=\"Icon for ethical business partnerships\" class=\"wp-image-174\" style=\"width:30px\" srcset=\"https:\/\/noble-horizon.com\/wp-content\/uploads\/2025\/05\/icon_partner_transp_gold_96x96_formatfuellend.png 96w, https:\/\/noble-horizon.com\/wp-content\/uploads\/2025\/05\/icon_partner_transp_gold_96x96_formatfuellend-12x12.png 12w\" sizes=\"auto, (max-width: 96px) 100vw, 96px\" \/><\/figure>\n\n\n\n<figure class=\"wp-block-image size-full is-resized nh-icon\"><a href=\"https:\/\/noble-horizon.com\/de\/?page_id=748\"><img loading=\"lazy\" decoding=\"async\" width=\"96\" height=\"96\" src=\"https:\/\/noble-horizon.com\/wp-content\/uploads\/2025\/05\/icon_Villa_transp_gold_96x96_formatfuellend.png\" alt=\"Villa Noble Horizon overview icon\" class=\"wp-image-355\" style=\"width:28px\" srcset=\"https:\/\/noble-horizon.com\/wp-content\/uploads\/2025\/05\/icon_Villa_transp_gold_96x96_formatfuellend.png 96w, https:\/\/noble-horizon.com\/wp-content\/uploads\/2025\/05\/icon_Villa_transp_gold_96x96_formatfuellend-12x12.png 12w\" sizes=\"auto, (max-width: 96px) 100vw, 96px\" \/><\/a><\/figure>\n<\/div>\n\n\n\n<div class=\"wp-block-group has-black-color has-text-color has-background has-link-color wp-elements-22f68fd2e75d5c44769d93ea8c398237 is-layout-constrained wp-container-core-group-is-layout-7c3f3d2e wp-block-group-is-layout-constrained\" style=\"border-radius:20px;background-color:#f4e9d8;padding-right:30px;padding-left:30px;font-size:13px;line-height:1.2\">\n<h5 class=\"wp-block-heading\">Right of Withdrawal \u2013 <em>Noble Horizon (Pvt) Ltd.<\/em><\/h5>\n\n\n\n<p class=\"translation-block\"><strong>Widerrufsrecht:<\/strong><br>Als Kunde haben Sie das Recht, binnen 14 Tagen ohne Angabe von Gr\u00fcnden von einem \u00fcber diese Website get\u00e4tigten Kauf zur\u00fcckzutreten. Die Widerrufsfrist beginnt an dem Tag, an dem Sie oder eine von Ihnen beauftragte Person (die nicht der Bef\u00f6rderer ist) die Ware erhalten.<\/p>\n\n\n\n<p>Wenn Sie von Ihrem Widerrufsrecht Gebrauch machen m\u00f6chten, informieren Sie uns bitte eindeutig und innerhalb der angegebenen Frist. Dies k\u00f6nnen Sie bequem \u00fcber unser Kontaktformular tun. Wir bitten Sie, die Ware \u2013 sofern zumutbar \u2013 in ihrem urspr\u00fcnglichen Zustand und in der Originalverpackung zur\u00fcckzusenden.<\/p>\n\n\n\n<p>Im Falle eines wirksamen Widerrufs erstatten wir alle erhaltenen Zahlungen, gegebenenfalls abz\u00fcglich der Lieferkosten. Die R\u00fcckzahlung erfolgt innerhalb von 14 Tagen ab dem Tag, an dem wir die zur\u00fcckgesandte Ware oder einen geeigneten Nachweis \u00fcber deren R\u00fccksendung erhalten.<\/p>\n\n\n\n<p>Bitte beachten Sie, dass die unmittelbaren Kosten der R\u00fccksendung von Ihnen zu tragen sind.<\/p>\n<\/div>\n\n\n\n<p><\/p>","protected":false},"excerpt":{"rendered":"<p>Right of Withdrawal \u2013 Noble Horizon (Pvt) Ltd. Right of Withdrawal:As a customer, you have the right to withdraw from any purchase made through this website within 14 days, without having to state any reason. This withdrawal period begins on the day you, or a person authorized by you (other than the carrier), receive the [&hellip;]<\/p>\n","protected":false},"author":1,"featured_media":0,"parent":0,"menu_order":0,"comment_status":"closed","ping_status":"closed","template":"","meta":{"footnotes":""},"class_list":["post-380","page","type-page","status-publish","hentry"],"blocksy_meta":{"disable_header":"no","styles_descriptor":{"styles":{"desktop":"[data-prefix=\"single_page\"] [class*=\"ct-container\"] > article[class*=\"post\"] {--has-boxed:var(--false);--has-wide:var(--true);}","tablet":"","mobile":""},"google_fonts":[],"version":6},"vertical_spacing_source":"custom","content_area_spacing":"none","content_style_source":"custom","has_hero_section":"disabled"},"yoast_head":"<!-- This site is optimized with the Yoast SEO plugin v27.2 - https:\/\/yoast.com\/product\/yoast-seo-wordpress\/ -->\n<title>Right of Withdrawal - Noble Horizon<\/title>\n<meta name=\"robots\" content=\"index, follow, max-snippet:-1, max-image-preview:large, max-video-preview:-1\" \/>\n<link rel=\"canonical\" href=\"https:\/\/noble-horizon.com\/de\/right-of-withdrawal\/\" \/>\n<meta property=\"og:locale\" content=\"de_DE\" \/>\n<meta property=\"og:type\" content=\"article\" \/>\n<meta property=\"og:title\" content=\"Right of Withdrawal - Noble Horizon\" \/>\n<meta property=\"og:description\" content=\"Right of Withdrawal \u2013 Noble Horizon (Pvt) Ltd. Right of Withdrawal:As a customer, you have the right to withdraw from any purchase made through this website within 14 days, without having to state any reason. This withdrawal period begins on the day you, or a person authorized by you (other than the carrier), receive the [&hellip;]\" \/>\n<meta property=\"og:url\" content=\"https:\/\/noble-horizon.com\/de\/right-of-withdrawal\/\" \/>\n<meta property=\"og:site_name\" content=\"Noble Horizon\" \/>\n<meta property=\"article:publisher\" content=\"https:\/\/www.facebook.com\/nh.origin\/\" \/>\n<meta property=\"article:modified_time\" content=\"2025-05-19T18:33:56+00:00\" \/>\n<meta name=\"twitter:card\" content=\"summary_large_image\" \/>\n<meta name=\"twitter:label1\" content=\"Gesch\u00e4tzte Lesezeit\" \/>\n\t<meta name=\"twitter:data1\" content=\"2\u00a0Minuten\" \/>\n<script type=\"application\/ld+json\" class=\"yoast-schema-graph\">{\"@context\":\"https:\/\/schema.org\",\"@graph\":[{\"@type\":\"WebPage\",\"@id\":\"https:\/\/noble-horizon.com\/right-of-withdrawal\/\",\"url\":\"https:\/\/noble-horizon.com\/right-of-withdrawal\/\",\"name\":\"Right of Withdrawal - Noble Horizon\",\"isPartOf\":{\"@id\":\"http:\/\/noble-horizon.com\/#website\"},\"datePublished\":\"2025-05-19T18:22:00+00:00\",\"dateModified\":\"2025-05-19T18:33:56+00:00\",\"breadcrumb\":{\"@id\":\"https:\/\/noble-horizon.com\/right-of-withdrawal\/#breadcrumb\"},\"inLanguage\":\"de\",\"potentialAction\":[{\"@type\":\"ReadAction\",\"target\":[\"https:\/\/noble-horizon.com\/right-of-withdrawal\/\"]}]},{\"@type\":\"BreadcrumbList\",\"@id\":\"https:\/\/noble-horizon.com\/right-of-withdrawal\/#breadcrumb\",\"itemListElement\":[{\"@type\":\"ListItem\",\"position\":1,\"name\":\"Home\",\"item\":\"https:\/\/noble-horizon.com\/\"},{\"@type\":\"ListItem\",\"position\":2,\"name\":\"Right of Withdrawal\"}]},{\"@type\":\"WebSite\",\"@id\":\"http:\/\/noble-horizon.com\/#website\",\"url\":\"http:\/\/noble-horizon.com\/\",\"name\":\"Noble Horizon\",\"description\":\"\",\"publisher\":{\"@id\":\"http:\/\/noble-horizon.com\/#organization\"},\"potentialAction\":[{\"@type\":\"SearchAction\",\"target\":{\"@type\":\"EntryPoint\",\"urlTemplate\":\"http:\/\/noble-horizon.com\/?s={search_term_string}\"},\"query-input\":{\"@type\":\"PropertyValueSpecification\",\"valueRequired\":true,\"valueName\":\"search_term_string\"}}],\"inLanguage\":\"de\"},{\"@type\":\"Organization\",\"@id\":\"http:\/\/noble-horizon.com\/#organization\",\"name\":\"Noble Horizon\",\"url\":\"http:\/\/noble-horizon.com\/\",\"logo\":{\"@type\":\"ImageObject\",\"inLanguage\":\"de\",\"@id\":\"http:\/\/noble-horizon.com\/#\/schema\/logo\/image\/\",\"url\":\"https:\/\/noble-horizon.com\/wp-content\/uploads\/2025\/05\/cropped-Logo-01-demo-BG-3C2B2E-512x512-1.png\",\"contentUrl\":\"https:\/\/noble-horizon.com\/wp-content\/uploads\/2025\/05\/cropped-Logo-01-demo-BG-3C2B2E-512x512-1.png\",\"width\":512,\"height\":512,\"caption\":\"Noble Horizon\"},\"image\":{\"@id\":\"http:\/\/noble-horizon.com\/#\/schema\/logo\/image\/\"},\"sameAs\":[\"https:\/\/www.facebook.com\/nh.origin\/\"]}]}<\/script>\n<!-- \/ Yoast SEO plugin. -->","yoast_head_json":{"title":"Right of Withdrawal - Noble Horizon","robots":{"index":"index","follow":"follow","max-snippet":"max-snippet:-1","max-image-preview":"max-image-preview:large","max-video-preview":"max-video-preview:-1"},"canonical":"https:\/\/noble-horizon.com\/de\/right-of-withdrawal\/","og_locale":"de_DE","og_type":"article","og_title":"Right of Withdrawal - Noble Horizon","og_description":"Right of Withdrawal \u2013 Noble Horizon (Pvt) Ltd. Right of Withdrawal:As a customer, you have the right to withdraw from any purchase made through this website within 14 days, without having to state any reason. This withdrawal period begins on the day you, or a person authorized by you (other than the carrier), receive the [&hellip;]","og_url":"https:\/\/noble-horizon.com\/de\/right-of-withdrawal\/","og_site_name":"Noble Horizon","article_publisher":"https:\/\/www.facebook.com\/nh.origin\/","article_modified_time":"2025-05-19T18:33:56+00:00","twitter_card":"summary_large_image","twitter_misc":{"Gesch\u00e4tzte Lesezeit":"2\u00a0Minuten"},"schema":{"@context":"https:\/\/schema.org","@graph":[{"@type":"WebPage","@id":"https:\/\/noble-horizon.com\/right-of-withdrawal\/","url":"https:\/\/noble-horizon.com\/right-of-withdrawal\/","name":"Right of Withdrawal - Noble Horizon","isPartOf":{"@id":"http:\/\/noble-horizon.com\/#website"},"datePublished":"2025-05-19T18:22:00+00:00","dateModified":"2025-05-19T18:33:56+00:00","breadcrumb":{"@id":"https:\/\/noble-horizon.com\/right-of-withdrawal\/#breadcrumb"},"inLanguage":"de","potentialAction":[{"@type":"ReadAction","target":["https:\/\/noble-horizon.com\/right-of-withdrawal\/"]}]},{"@type":"BreadcrumbList","@id":"https:\/\/noble-horizon.com\/right-of-withdrawal\/#breadcrumb","itemListElement":[{"@type":"ListItem","position":1,"name":"Home","item":"https:\/\/noble-horizon.com\/"},{"@type":"ListItem","position":2,"name":"Right of Withdrawal"}]},{"@type":"WebSite","@id":"http:\/\/noble-horizon.com\/#website","url":"http:\/\/noble-horizon.com\/","name":"Noble Horizon","description":"","publisher":{"@id":"http:\/\/noble-horizon.com\/#organization"},"potentialAction":[{"@type":"SearchAction","target":{"@type":"EntryPoint","urlTemplate":"http:\/\/noble-horizon.com\/?s={search_term_string}"},"query-input":{"@type":"PropertyValueSpecification","valueRequired":true,"valueName":"search_term_string"}}],"inLanguage":"de"},{"@type":"Organization","@id":"http:\/\/noble-horizon.com\/#organization","name":"Noble Horizon","url":"http:\/\/noble-horizon.com\/","logo":{"@type":"ImageObject","inLanguage":"de","@id":"http:\/\/noble-horizon.com\/#\/schema\/logo\/image\/","url":"https:\/\/noble-horizon.com\/wp-content\/uploads\/2025\/05\/cropped-Logo-01-demo-BG-3C2B2E-512x512-1.png","contentUrl":"https:\/\/noble-horizon.com\/wp-content\/uploads\/2025\/05\/cropped-Logo-01-demo-BG-3C2B2E-512x512-1.png","width":512,"height":512,"caption":"Noble Horizon"},"image":{"@id":"http:\/\/noble-horizon.com\/#\/schema\/logo\/image\/"},"sameAs":["https:\/\/www.facebook.com\/nh.origin\/"]}]}},"_links":{"self":[{"href":"https:\/\/noble-horizon.com\/de\/wp-json\/wp\/v2\/pages\/380","targetHints":{"allow":["GET"]}}],"collection":[{"href":"https:\/\/noble-horizon.com\/de\/wp-json\/wp\/v2\/pages"}],"about":[{"href":"https:\/\/noble-horizon.com\/de\/wp-json\/wp\/v2\/types\/page"}],"author":[{"embeddable":true,"href":"https:\/\/noble-horizon.com\/de\/wp-json\/wp\/v2\/users\/1"}],"replies":[{"embeddable":true,"href":"https:\/\/noble-horizon.com\/de\/wp-json\/wp\/v2\/comments?post=380"}],"version-history":[{"count":3,"href":"https:\/\/noble-horizon.com\/de\/wp-json\/wp\/v2\/pages\/380\/revisions"}],"predecessor-version":[{"id":386,"href":"https:\/\/noble-horizon.com\/de\/wp-json\/wp\/v2\/pages\/380\/revisions\/386"}],"wp:attachment":[{"href":"https:\/\/noble-horizon.com\/de\/wp-json\/wp\/v2\/media?parent=380"}],"curies":[{"name":"wp","href":"https:\/\/api.w.org\/{rel}","templated":true}]}}